{"id":524,"date":"2025-04-29T18:49:07","date_gmt":"2025-04-29T16:49:07","guid":{"rendered":"http:\/\/stlconciergerie.com\/?page_id=524"},"modified":"2025-04-29T18:49:07","modified_gmt":"2025-04-29T16:49:07","slug":"mentions-legales","status":"publish","type":"page","link":"https:\/\/stlconciergerie.com\/?page_id=524","title":{"rendered":"Mentions l\u00e9gales"},"content":{"rendered":"\n<hr class=\"wp-block-separator has-alpha-channel-opacity\"\/>\n\n\n\n<h2 class=\"wp-block-heading\"><strong>Mentions l\u00e9gales<\/strong><\/h2>\n\n\n\n<p><strong>\u00c9diteur du site<\/strong><br>Ce site est \u00e9dit\u00e9 par : Ibtissam Matoug &amp; Elise Pandolfi<br><\/p>\n\n\n\n<p><strong>STL Conciergerie<\/strong> &#8211; SHADEN TRANSPORT LUXURY<br>Adresse : 15-17 rue Eug\u00e8ne Caron, 92400 Courbevoie <br>Email : <a class=\"\">shadentransportluxury@yahoo.<\/a>fr<br>T\u00e9l\u00e9phone : +33 6 32 49 08 79<br>SIRET : 814 842 779<br><\/p>\n\n\n\n<hr class=\"wp-block-separator has-alpha-channel-opacity\"\/>\n\n\n\n<p><strong>H\u00e9bergement<\/strong><br>Le site est h\u00e9berg\u00e9 par OVH.<\/p>\n\n\n\n<hr class=\"wp-block-separator has-alpha-channel-opacity\"\/>\n\n\n\n<p><\/p>\n\n\n\n<hr class=\"wp-block-separator has-alpha-channel-opacity\"\/>\n\n\n\n<p><strong>Protection des donn\u00e9es personnelles<\/strong><br>Les donn\u00e9es collect\u00e9es via le formulaire de contact ou de r\u00e9servation sont destin\u00e9es uniquement \u00e0 STL Conciergerie et ne sont jamais vendues ni c\u00e9d\u00e9es \u00e0 des tiers.<br>Conform\u00e9ment au R\u00e8glement G\u00e9n\u00e9ral sur la Protection des Donn\u00e9es (RGPD), vous disposez d\u2019un droit d\u2019acc\u00e8s, de rectification et de suppression de vos donn\u00e9es personnelles.<br>Pour exercer ce droit, vous pouvez nous \u00e9crire \u00e0 : <a class=\"\"><a class=\"\">shadentransportluxury@yahoo.<\/a>fr<\/a><\/p>\n\n\n\n<hr class=\"wp-block-separator has-alpha-channel-opacity\"\/>\n\n\n\n<p><strong>Cookies<\/strong><br>Le site peut utiliser des cookies pour am\u00e9liorer l\u2019exp\u00e9rience utilisateur et effectuer des mesures d\u2019audience. Vous pouvez modifier vos pr\u00e9f\u00e9rences dans les param\u00e8tres de votre navigateur.<\/p>\n\n\n\n<hr class=\"wp-block-separator has-alpha-channel-opacity\"\/>\n\n\n\n<p><strong>Responsabilit\u00e9<\/strong><br>STL Conciergerie s\u2019efforce de fournir des informations \u00e0 jour et exactes sur ce site, mais ne saurait \u00eatre tenue responsable d\u2019erreurs ou d\u2019omissions.<br>L\u2019acc\u00e8s au site peut \u00eatre interrompu \u00e0 tout moment, notamment pour maintenance ou mise \u00e0 jour.<\/p>\n","protected":false},"excerpt":{"rendered":"<p>Mentions l\u00e9gales \u00c9diteur du siteCe site est \u00e9dit\u00e9 par : Ibtissam Matoug &amp; Elise Pandolfi STL Conciergerie &#8211; SHADEN TRANSPORT LUXURYAdresse : 15-17 rue Eug\u00e8ne Caron, 92400 Courbevoie Email : shadentransportluxury@yahoo.frT\u00e9l\u00e9phone : +33 6 32 49 08 79SIRET : 814 842 779 H\u00e9bergementLe site est h\u00e9berg\u00e9 par OVH. Protection des donn\u00e9es personnellesLes donn\u00e9es collect\u00e9es via [&hellip;]<\/p>\n","protected":false},"author":1,"featured_media":0,"parent":0,"menu_order":0,"comment_status":"closed","ping_status":"closed","template":"","meta":{"footnotes":""},"class_list":["post-524","page","type-page","status-publish","hentry"],"_links":{"self":[{"href":"https:\/\/stlconciergerie.com\/index.php?rest_route=\/wp\/v2\/pages\/524","targetHints":{"allow":["GET"]}}],"collection":[{"href":"https:\/\/stlconciergerie.com\/index.php?rest_route=\/wp\/v2\/pages"}],"about":[{"href":"https:\/\/stlconciergerie.com\/index.php?rest_route=\/wp\/v2\/types\/page"}],"author":[{"embeddable":true,"href":"https:\/\/stlconciergerie.com\/index.php?rest_route=\/wp\/v2\/users\/1"}],"replies":[{"embeddable":true,"href":"https:\/\/stlconciergerie.com\/index.php?rest_route=%2Fwp%2Fv2%2Fcomments&post=524"}],"version-history":[{"count":2,"href":"https:\/\/stlconciergerie.com\/index.php?rest_route=\/wp\/v2\/pages\/524\/revisions"}],"predecessor-version":[{"id":530,"href":"https:\/\/stlconciergerie.com\/index.php?rest_route=\/wp\/v2\/pages\/524\/revisions\/530"}],"wp:attachment":[{"href":"https:\/\/stlconciergerie.com\/index.php?rest_route=%2Fwp%2Fv2%2Fmedia&parent=524"}],"curies":[{"name":"wp","href":"https:\/\/api.w.org\/{rel}","templated":true}]}}